{"id":1460,"date":"2025-01-30T00:14:06","date_gmt":"2025-01-29T23:14:06","guid":{"rendered":"https:\/\/bluenile-agency.com\/about-us\/"},"modified":"2025-02-25T20:07:28","modified_gmt":"2025-02-25T19:07:28","slug":"about-us","status":"publish","type":"page","link":"https:\/\/bluenile-agency.com\/hr\/about-us\/","title":{"rendered":"O Nama"},"content":{"rendered":"<div data-elementor-type=\"wp-post\" data-elementor-id=\"1460\" class=\"elementor elementor-1460\">\n\t\t\t\t<div class=\"elementor-element elementor-element-a77760e e-flex e-con-boxed e-con e-parent\" data-id=\"a77760e\" data-element_type=\"container\" data-settings=\"{&quot;background_background&quot;:&quot;classic&quot;}\">\n\t\t\t\t\t<div class=\"e-con-inner\">\n\t\t<div class=\"elementor-element elementor-element-c983c45 e-con-full e-flex e-con e-child\" data-id=\"c983c45\" data-element_type=\"container\">\n\t\t\t\t<div class=\"elementor-element elementor-element-3033cab e-transform elementor-invisible elementor-widget elementor-widget-heading\" data-id=\"3033cab\" data-element_type=\"widget\" data-settings=\"{&quot;_animation&quot;:&quot;fadeInDown&quot;,&quot;_transform_rotateZ_effect&quot;:{&quot;unit&quot;:&quot;px&quot;,&quot;size&quot;:&quot;&quot;,&quot;sizes&quot;:[]},&quot;_transform_rotateZ_effect_tablet&quot;:{&quot;unit&quot;:&quot;deg&quot;,&quot;size&quot;:&quot;&quot;,&quot;sizes&quot;:[]},&quot;_transform_rotateZ_effect_mobile&quot;:{&quot;unit&quot;:&quot;deg&quot;,&quot;size&quot;:&quot;&quot;,&quot;sizes&quot;:[]}}\" data-widget_type=\"heading.default\">\n\t\t\t\t<div class=\"elementor-widget-container\">\n\t\t\t<style>\/*! elementor - v3.21.0 - 20-05-2024 *\/\n.elementor-heading-title{padding:0;margin:0;line-height:1}.elementor-widget-heading .elementor-heading-title[class*=elementor-size-]>a{color:inherit;font-size:inherit;line-height:inherit}.elementor-widget-heading .elementor-heading-title.elementor-size-small{font-size:15px}.elementor-widget-heading .elementor-heading-title.elementor-size-medium{font-size:19px}.elementor-widget-heading .elementor-heading-title.elementor-size-large{font-size:29px}.elementor-widget-heading .elementor-heading-title.elementor-size-xl{font-size:39px}.elementor-widget-heading .elementor-heading-title.elementor-size-xxl{font-size:59px}<\/style><h2 class=\"elementor-heading-title elementor-size-default\">O agenciji Blue Nile <\/h2>\t\t<\/div>\n\t\t\t\t<\/div>\n\t\t\t\t<div class=\"elementor-element elementor-element-25b92db elementor-widget elementor-widget-text-editor\" data-id=\"25b92db\" data-element_type=\"widget\" data-widget_type=\"text-editor.default\">\n\t\t\t\t<div class=\"elementor-widget-container\">\n\t\t\t<style>\/*! elementor - v3.21.0 - 20-05-2024 *\/\n.elementor-widget-text-editor.elementor-drop-cap-view-stacked .elementor-drop-cap{background-color:#69727d;color:#fff}.elementor-widget-text-editor.elementor-drop-cap-view-framed .elementor-drop-cap{color:#69727d;border:3px solid;background-color:transparent}.elementor-widget-text-editor:not(.elementor-drop-cap-view-default) .elementor-drop-cap{margin-top:8px}.elementor-widget-text-editor:not(.elementor-drop-cap-view-default) .elementor-drop-cap-letter{width:1em;height:1em}.elementor-widget-text-editor .elementor-drop-cap{float:left;text-align:center;line-height:1;font-size:50px}.elementor-widget-text-editor .elementor-drop-cap-letter{display:inline-block}<\/style>\t\t\t\t<p>Povezujemo talent i mogu\u0107nosti<\/p>\t\t\t\t\t\t<\/div>\n\t\t\t\t<\/div>\n\t\t\t\t<\/div>\n\t\t\t\t\t<\/div>\n\t\t\t\t<\/div>\n\t\t<div class=\"elementor-element elementor-element-6929996 e-flex e-con-boxed e-con e-parent\" data-id=\"6929996\" data-element_type=\"container\" data-settings=\"{&quot;background_background&quot;:&quot;classic&quot;}\">\n\t\t\t\t\t<div class=\"e-con-inner\">\n\t\t<div class=\"elementor-element elementor-element-64648da e-con-full e-flex e-con e-child\" data-id=\"64648da\" data-element_type=\"container\">\n\t\t\t\t<div class=\"elementor-element elementor-element-a94bef4 elementor-widget elementor-widget-heading\" data-id=\"a94bef4\" data-element_type=\"widget\" data-widget_type=\"heading.default\">\n\t\t\t\t<div class=\"elementor-widget-container\">\n\t\t\t<h2 class=\"elementor-heading-title elementor-size-default\">Misija i Vizija<\/h2>\t\t<\/div>\n\t\t\t\t<\/div>\n\t\t\t\t<div class=\"elementor-element elementor-element-9e52f4a elementor-widget elementor-widget-text-editor\" data-id=\"9e52f4a\" data-element_type=\"widget\" data-widget_type=\"text-editor.default\">\n\t\t\t\t<div class=\"elementor-widget-container\">\n\t\t\t\t\t\t\t<p>Na\u0161a misija je povezati talentirane pojedince s vode\u0107im tvrtkama pru\u017eaju\u0107i im izuzetne usluge zapo\u0161ljavanja koje nadilaze o\u010dekivanja na\u0161ih klijenata.\nNa\u0161a vizija je biti prepoznat kao tvrtka koja promi\u010de raznolikost, jednakost i talent na radnom mjestu<\/p><p>Privatnost na prvom mjestu.\nOsiguravamo transparentnost i integritet u svim poslovnim transakcijama s na\u0161im klijentima i kandidatima.<\/p><p>U Blue Nile specijalizirani smo za premo\u0161\u0107ivanje jaza izme\u0111u kvalificiranih stru\u010dnjaka i vrhunskih poslodavaca diljem svijeta. Uz predanost izvrsnosti, raznolikosti i inovacijama, povezujemo tvrtke s pravim talentima u industrijama kao \u0161to su zdravstvo, ugostiteljstvo, in\u017eenjerstvo, IT i jo\u0161 mnogo toga.<\/p>\t\t\t\t\t\t<\/div>\n\t\t\t\t<\/div>\n\t\t\t\t<\/div>\n\t\t<div class=\"elementor-element elementor-element-5c0a501 e-con-full e-flex e-con e-child\" data-id=\"5c0a501\" data-element_type=\"container\" data-settings=\"{&quot;background_background&quot;:&quot;classic&quot;}\">\n\t\t\t\t<div class=\"elementor-element elementor-element-2a7c0c4 elementor-widget elementor-widget-image\" data-id=\"2a7c0c4\" data-element_type=\"widget\" data-widget_type=\"image.default\">\n\t\t\t\t<div class=\"elementor-widget-container\">\n\t\t\t<style>\/*! elementor - v3.21.0 - 20-05-2024 *\/\n.elementor-widget-image{text-align:center}.elementor-widget-image a{display:inline-block}.elementor-widget-image a img[src$=\".svg\"]{width:48px}.elementor-widget-image img{vertical-align:middle;display:inline-block}<\/style>\t\t\t\t\t\t\t\t\t\t<img fetchpriority=\"high\" decoding=\"async\" width=\"1920\" height=\"1920\" src=\"https:\/\/bluenile-agency.com\/wp-content\/uploads\/custom\/bg-img\/d3-img-p3-bg3-2.jpg\" class=\"attachment-full size-full wp-image-408\" alt=\"\" srcset=\"https:\/\/bluenile-agency.com\/wp-content\/uploads\/custom\/bg-img\/d3-img-p3-bg3-2.jpg 1920w, https:\/\/bluenile-agency.com\/wp-content\/uploads\/custom\/bg-img\/d3-img-p3-bg3-2-300x300.jpg 300w, https:\/\/bluenile-agency.com\/wp-content\/uploads\/custom\/bg-img\/d3-img-p3-bg3-2-1024x1024.jpg 1024w, https:\/\/bluenile-agency.com\/wp-content\/uploads\/custom\/bg-img\/d3-img-p3-bg3-2-150x150.jpg 150w, https:\/\/bluenile-agency.com\/wp-content\/uploads\/custom\/bg-img\/d3-img-p3-bg3-2-768x768.jpg 768w, https:\/\/bluenile-agency.com\/wp-content\/uploads\/custom\/bg-img\/d3-img-p3-bg3-2-1536x1536.jpg 1536w, https:\/\/bluenile-agency.com\/wp-content\/uploads\/custom\/bg-img\/d3-img-p3-bg3-2-12x12.jpg 12w\" sizes=\"(max-width: 1920px) 100vw, 1920px\" \/>\t\t\t\t\t\t\t\t\t\t\t\t\t<\/div>\n\t\t\t\t<\/div>\n\t\t\t\t<\/div>\n\t\t\t\t\t<\/div>\n\t\t\t\t<\/div>\n\t\t<div class=\"elementor-element elementor-element-c05b6aa e-flex e-con-boxed e-con e-parent\" data-id=\"c05b6aa\" data-element_type=\"container\" data-settings=\"{&quot;background_background&quot;:&quot;gradient&quot;}\">\n\t\t\t\t\t<div class=\"e-con-inner\">\n\t\t<div class=\"elementor-element elementor-element-43f8782 e-con-full e-flex e-con e-child\" data-id=\"43f8782\" data-element_type=\"container\" data-settings=\"{&quot;background_background&quot;:&quot;classic&quot;}\">\n\t\t\t\t<div class=\"elementor-element elementor-element-322cc96 elementor-widget elementor-widget-image\" data-id=\"322cc96\" data-element_type=\"widget\" data-widget_type=\"image.default\">\n\t\t\t\t<div class=\"elementor-widget-container\">\n\t\t\t\t\t\t\t\t\t\t\t\t\t<img decoding=\"async\" width=\"796\" height=\"1024\" src=\"https:\/\/bluenile-agency.com\/wp-content\/uploads\/BN-08-796x1024.png\" class=\"attachment-large size-large wp-image-1950\" alt=\"\" srcset=\"https:\/\/bluenile-agency.com\/wp-content\/uploads\/BN-08-796x1024.png 796w, https:\/\/bluenile-agency.com\/wp-content\/uploads\/BN-08-233x300.png 233w, https:\/\/bluenile-agency.com\/wp-content\/uploads\/BN-08-117x150.png 117w, https:\/\/bluenile-agency.com\/wp-content\/uploads\/BN-08-768x987.png 768w, https:\/\/bluenile-agency.com\/wp-content\/uploads\/BN-08-9x12.png 9w, https:\/\/bluenile-agency.com\/wp-content\/uploads\/BN-08.png 896w\" sizes=\"(max-width: 796px) 100vw, 796px\" \/>\t\t\t\t\t\t\t\t\t\t\t\t\t<\/div>\n\t\t\t\t<\/div>\n\t\t\t\t<\/div>\n\t\t<div class=\"elementor-element elementor-element-6697822 e-con-full e-flex e-con e-child\" data-id=\"6697822\" data-element_type=\"container\" data-settings=\"{&quot;background_background&quot;:&quot;classic&quot;}\">\n\t\t\t\t<div class=\"elementor-element elementor-element-13aa028 elementor-widget elementor-widget-heading\" data-id=\"13aa028\" data-element_type=\"widget\" data-widget_type=\"heading.default\">\n\t\t\t\t<div class=\"elementor-widget-container\">\n\t\t\t<h3 class=\"elementor-heading-title elementor-size-default\">Budite dio promjene.<\/h3>\t\t<\/div>\n\t\t\t\t<\/div>\n\t\t\t\t<div class=\"elementor-element elementor-element-10471cc elementor-widget elementor-widget-text-editor\" data-id=\"10471cc\" data-element_type=\"widget\" data-widget_type=\"text-editor.default\">\n\t\t\t\t<div class=\"elementor-widget-container\">\n\t\t\t\t\t\t\t<p>Bilo da ste poslodavac koji tra\u017ei vrhunske talente ili tra\u017eitelj posla koji tra\u017ei nove prilike, mi smo tu da globalno zapo\u0161ljavanje u\u010dinimo jednostavnim, besprijekornim i uspje\u0161nim.<\/p>\t\t\t\t\t\t<\/div>\n\t\t\t\t<\/div>\n\t\t\t\t<div class=\"elementor-element elementor-element-018a998 elementor-widget elementor-widget-button\" data-id=\"018a998\" data-element_type=\"widget\" data-widget_type=\"button.default\">\n\t\t\t\t<div class=\"elementor-widget-container\">\n\t\t\t\t\t<div class=\"elementor-button-wrapper\">\n\t\t\t<a class=\"elementor-button elementor-button-link elementor-size-sm\" href=\"https:\/\/bluenile-agency.com\/hr\/contact\/\">\n\t\t\t\t\t\t<span class=\"elementor-button-content-wrapper\">\n\t\t\t\t\t\t\t\t\t<span class=\"elementor-button-text\">KONTAKT <\/span>\n\t\t\t\t\t<\/span>\n\t\t\t\t\t<\/a>\n\t\t<\/div>\n\t\t\t\t<\/div>\n\t\t\t\t<\/div>\n\t\t\t\t<\/div>\n\t\t\t\t\t<\/div>\n\t\t\t\t<\/div>\n\t\t\t\t<\/div>","protected":false},"excerpt":{"rendered":"<p>About Blue Nile Agency We connect talent and possibility Mission and Vision Our mission is to connect talented individuals with leading companies by providing them with exceptional recruitment services that exceed our clients&#8217; expectations. Our vision is to be recognized as a company that promotes diversity, equality and talent in the workplace. At Blue Nile, [&hellip;]<\/p>","protected":false},"author":1,"featured_media":0,"parent":0,"menu_order":0,"comment_status":"closed","ping_status":"closed","template":"","meta":{"site-sidebar-layout":"no-sidebar","site-content-layout":"page-builder","ast-site-content-layout":"","site-content-style":"default","site-sidebar-style":"default","ast-global-header-display":"","ast-banner-title-visibility":"","ast-main-header-display":"","ast-hfb-above-header-display":"","ast-hfb-below-header-display":"","ast-hfb-mobile-header-display":"","site-post-title":"disabled","ast-breadcrumbs-content":"","ast-featured-img":"disabled","footer-sml-layout":"","theme-transparent-header-meta":"enabled","adv-header-id-meta":"","stick-header-meta":"","header-above-stick-meta":"","header-main-stick-meta":"","header-below-stick-meta":"","astra-migrate-meta-layouts":"default","ast-page-background-enabled":"default","ast-page-background-meta":{"desktop":{"background-color":"","background-image":"","background-repeat":"repeat","background-position":"center center","background-size":"auto","background-attachment":"scroll","background-type":"","background-media":"","overlay-type":"","overlay-color":"","overlay-opacity":"","overlay-gradient":""},"tablet":{"background-color":"","background-image":"","background-repeat":"repeat","background-position":"center center","background-size":"auto","background-attachment":"scroll","background-type":"","background-media":"","overlay-type":"","overlay-color":"","overlay-opacity":"","overlay-gradient":""},"mobile":{"background-color":"","background-image":"","background-repeat":"repeat","background-position":"center center","background-size":"auto","background-attachment":"scroll","background-type":"","background-media":"","overlay-type":"","overlay-color":"","overlay-opacity":"","overlay-gradient":""}},"ast-content-background-meta":{"desktop":{"background-color":"var(--ast-global-color-5)","background-image":"","background-repeat":"repeat","background-position":"center center","background-size":"auto","background-attachment":"scroll","background-type":"","background-media":"","overlay-type":"","overlay-color":"","overlay-opacity":"","overlay-gradient":""},"tablet":{"background-color":"var(--ast-global-color-5)","background-image":"","background-repeat":"repeat","background-position":"center center","background-size":"auto","background-attachment":"scroll","background-type":"","background-media":"","overlay-type":"","overlay-color":"","overlay-opacity":"","overlay-gradient":""},"mobile":{"background-color":"var(--ast-global-color-5)","background-image":"","background-repeat":"repeat","background-position":"center center","background-size":"auto","background-attachment":"scroll","background-type":"","background-media":"","overlay-type":"","overlay-color":"","overlay-opacity":"","overlay-gradient":""}},"footnotes":""},"aioseo_notices":[],"_links":{"self":[{"href":"https:\/\/bluenile-agency.com\/hr\/wp-json\/wp\/v2\/pages\/1460"}],"collection":[{"href":"https:\/\/bluenile-agency.com\/hr\/wp-json\/wp\/v2\/pages"}],"about":[{"href":"https:\/\/bluenile-agency.com\/hr\/wp-json\/wp\/v2\/types\/page"}],"author":[{"embeddable":true,"href":"https:\/\/bluenile-agency.com\/hr\/wp-json\/wp\/v2\/users\/1"}],"replies":[{"embeddable":true,"href":"https:\/\/bluenile-agency.com\/hr\/wp-json\/wp\/v2\/comments?post=1460"}],"version-history":[{"count":25,"href":"https:\/\/bluenile-agency.com\/hr\/wp-json\/wp\/v2\/pages\/1460\/revisions"}],"predecessor-version":[{"id":2340,"href":"https:\/\/bluenile-agency.com\/hr\/wp-json\/wp\/v2\/pages\/1460\/revisions\/2340"}],"wp:attachment":[{"href":"https:\/\/bluenile-agency.com\/hr\/wp-json\/wp\/v2\/media?parent=1460"}],"curies":[{"name":"wp","href":"https:\/\/api.w.org\/{rel}","templated":true}]}}